{"id":34,"date":"2019-04-07T16:59:41","date_gmt":"2019-04-07T14:59:41","guid":{"rendered":"https:\/\/www.tip-top-textilpflege-wolter.de\/?page_id=34"},"modified":"2024-10-06T22:31:24","modified_gmt":"2024-10-06T20:31:24","slug":"willkommen","status":"publish","type":"page","link":"https:\/\/www.tip-top-textilpflege-wolter.de\/","title":{"rendered":"Willkommen"},"content":{"rendered":"\t\t<div data-elementor-type=\"wp-post\" data-elementor-id=\"34\" class=\"elementor elementor-34\">\n\t\t\t\t\t\t<section class=\"elementor-section elementor-top-section elementor-element elementor-element-b40af4a elementor-section-boxed elementor-section-height-default elementor-section-height-default\" data-id=\"b40af4a\" data-element_type=\"section\">\n\t\t\t\t\t\t<div class=\"elementor-container elementor-column-gap-default\">\n\t\t\t\t\t<div class=\"elementor-column elementor-col-100 elementor-top-column elementor-element elementor-element-e3d1d6d\" data-id=\"e3d1d6d\" data-element_type=\"column\">\n\t\t\t<div class=\"elementor-widget-wrap elementor-element-populated\">\n\t\t\t\t\t\t<div class=\"elementor-element elementor-element-a4d112c elementor-widget elementor-widget-text-editor\" data-id=\"a4d112c\" data-element_type=\"widget\" data-widget_type=\"text-editor.default\">\n\t\t\t\t<div class=\"elementor-widget-container\">\n\t\t\t\t\t\t\t<p>Profitieren Sie von unserer jahrelangen Erfahrung. Wer auf unsere Textilreinigung setzt, erh\u00e4lt ein Tip-Top-Ergebnis!. Auch f\u00fcr sensible Gewebe haben wir die optimale Reinigungsmethode. Mit unserem zuverl\u00e4ssigen Service sind wir immer die richtige Wahl f\u00fcr Ihre Textilien.<\/p>\t\t\t\t\t\t<\/div>\n\t\t\t\t<\/div>\n\t\t\t\t<div class=\"elementor-element elementor-element-0224fbd elementor-widget elementor-widget-image\" data-id=\"0224fbd\" data-element_type=\"widget\" data-widget_type=\"image.default\">\n\t\t\t\t<div class=\"elementor-widget-container\">\n\t\t\t\t\t\t\t\t\t\t\t\t\t<img fetchpriority=\"high\" decoding=\"async\" width=\"941\" height=\"705\" src=\"https:\/\/www.tip-top-textilpflege-wolter.de\/wp-content\/uploads\/2024\/10\/Wolters2.png\" class=\"attachment-large size-large wp-image-368\" alt=\"\" srcset=\"https:\/\/www.tip-top-textilpflege-wolter.de\/wp-content\/uploads\/2024\/10\/Wolters2.png 941w, https:\/\/www.tip-top-textilpflege-wolter.de\/wp-content\/uploads\/2024\/10\/Wolters2-300x225.png 300w, https:\/\/www.tip-top-textilpflege-wolter.de\/wp-content\/uploads\/2024\/10\/Wolters2-768x575.png 768w\" sizes=\"(max-width: 941px) 100vw, 941px\" \/>\t\t\t\t\t\t\t\t\t\t\t\t\t<\/div>\n\t\t\t\t<\/div>\n\t\t\t\t<div class=\"elementor-element elementor-element-a4d7b1d elementor-widget elementor-widget-text-editor\" data-id=\"a4d7b1d\" data-element_type=\"widget\" data-widget_type=\"text-editor.default\">\n\t\t\t\t<div class=\"elementor-widget-container\">\n\t\t\t\t\t\t\t<p>Als einziges Textilreinigungsunternehmen in Ostwestfalen-Lippe reinigen wir mit einem revolution\u00e4ren L\u00f6semittel!<\/p><p>Unser L\u00f6semittel reinigt mit purem, fl\u00fcssigen Silikon. Dabei handelt es sich im Wesentlichen um &#8222;verfl\u00fcssigten&#8220; Sand. Derselbe nat\u00fcrliche Sand, den die Erde <img decoding=\"async\" class=\"emoji\" draggable=\"false\" src=\"https:\/\/s.w.org\/images\/core\/emoji\/11.2.0\/svg\/1f30d.svg\" alt=\"\ud83c\udf0d\" \/> in sechs Milliarden Jahren erzeugt hat. Also keine Substanzen, die die Luft verschmutzen, den Boden verseuchen oder das Wasser vergiften k\u00f6nnten!<\/p><p>Im Einzelnen bieten wir Ihnen an:<\/p><p>Eine schonende Behandlung Ihrer Textilien<br \/>Eine blitzschnelle Bearbeitung Ihrer Auftr\u00e4ge<br \/>Den Einsatz umweltschonender Verfahren<br \/>Einen freundlichen und pers\u00f6nlichen Service<\/p><p>\u00dcberzeugen Sie sich pers\u00f6nlich und kommen Sie bei uns vorbei.<\/p>\t\t\t\t\t\t<\/div>\n\t\t\t\t<\/div>\n\t\t\t\t\t<\/div>\n\t\t<\/div>\n\t\t\t\t\t<\/div>\n\t\t<\/section>\n\t\t\t\t<\/div>\n\t\t","protected":false},"excerpt":{"rendered":"<p>Profitieren Sie von unserer jahrelangen Erfahrung. Wer auf unsere Textilreinigung setzt, erh\u00e4lt ein Tip-Top-Ergebnis!. Auch f\u00fcr sensible Gewebe haben wir die optimale Reinigungsmethode. Mit unserem zuverl\u00e4ssigen Service sind wir immer die richtige Wahl f\u00fcr Ihre Textilien. Als einziges Textilreinigungsunternehmen in Ostwestfalen-Lippe reinigen wir mit einem revolution\u00e4ren L\u00f6semittel! Unser L\u00f6semittel reinigt mit purem, fl\u00fcssigen Silikon. Dabei &#8230; <a title=\"Willkommen\" class=\"read-more\" href=\"https:\/\/www.tip-top-textilpflege-wolter.de\/\" aria-label=\"Mehr Informationen \u00fcber Willkommen\">Weiterlesen<\/a><\/p>\n","protected":false},"author":1,"featured_media":0,"parent":0,"menu_order":0,"comment_status":"closed","ping_status":"closed","template":"","meta":{"footnotes":""},"class_list":["post-34","page","type-page","status-publish"],"_links":{"self":[{"href":"https:\/\/www.tip-top-textilpflege-wolter.de\/index.php?rest_route=\/wp\/v2\/pages\/34","targetHints":{"allow":["GET"]}}],"collection":[{"href":"https:\/\/www.tip-top-textilpflege-wolter.de\/index.php?rest_route=\/wp\/v2\/pages"}],"about":[{"href":"https:\/\/www.tip-top-textilpflege-wolter.de\/index.php?rest_route=\/wp\/v2\/types\/page"}],"author":[{"embeddable":true,"href":"https:\/\/www.tip-top-textilpflege-wolter.de\/index.php?rest_route=\/wp\/v2\/users\/1"}],"replies":[{"embeddable":true,"href":"https:\/\/www.tip-top-textilpflege-wolter.de\/index.php?rest_route=%2Fwp%2Fv2%2Fcomments&post=34"}],"version-history":[{"count":18,"href":"https:\/\/www.tip-top-textilpflege-wolter.de\/index.php?rest_route=\/wp\/v2\/pages\/34\/revisions"}],"predecessor-version":[{"id":371,"href":"https:\/\/www.tip-top-textilpflege-wolter.de\/index.php?rest_route=\/wp\/v2\/pages\/34\/revisions\/371"}],"wp:attachment":[{"href":"https:\/\/www.tip-top-textilpflege-wolter.de\/index.php?rest_route=%2Fwp%2Fv2%2Fmedia&parent=34"}],"curies":[{"name":"wp","href":"https:\/\/api.w.org\/{rel}","templated":true}]}}